{"id":94,"date":"2014-05-07T10:40:19","date_gmt":"2014-05-07T10:40:19","guid":{"rendered":"http:\/\/www.ysrgst.org\/irict\/?page_id=94"},"modified":"2025-11-21T21:41:32","modified_gmt":"2025-11-21T21:41:32","slug":"organizing-committee","status":"publish","type":"page","link":"https:\/\/irict.co\/irict2025\/?page_id=94","title":{"rendered":"Organizing Committee"},"content":{"rendered":"\n\n\n\n\n<p><strong style=\"color: rgb(0, 51, 102);\">Conference Honorary Co-Chairs\u00a0<br><br>Abdelaziz SOUKRI,<\/strong><br><span style=\"color: rgb(0, 51, 102);\">Dean, Faculty of Sciences Ain Chock Casablanca, Hassan II University, Morocco\u00a0<\/span><\/p><br><p><strong style=\"color: rgb(0, 51, 102);\">Adel Aneiba,<\/strong><\/p><p><span style=\"color: rgb(0, 51, 102);\">Dean, School of Architecture, Built Environment, Engineering, and Computing, Birmingham City University, UK<br><strong><br>Naomie Salim,<\/strong><br>Director of Big Data Center, Universiti Teknologi Malaysia, Malaysia<br><\/span><\/p><br><p><font color=\"#003366\"><b>Fatih K\u0131r\u0131\u015f\u0131k<br><\/b><\/font><span style=\"color: rgb(0, 51, 102);\">Rector, Karab\u00fck University, T\u00fcrkiye<\/span><\/p><br><p><span style=\"color: #003366;\"><strong>Conference General Co-Chairs<\/strong><\/span><\/p><br><p><strong>Faisal Saeed<\/strong><br>Birmingham City University, UK\u00a0<\/p><strong>Mohammed Errais<br><\/strong>Hassan II University, Morocco<p><span style=\"color: #003366;\"><strong><br>Technical Committee Chairs <\/strong><\/span><br><\/p>Junaid Arshad, Birmingham City University, UK<br>\u0130smail Rak\u0131p Kara\u015f, Karab\u00fck University, Turkiye<br>Mugahed Al-antari, Sejong University, South Korea <br>Noorminshah A.Iahad, Universiti Teknologi Malaysia, Malaysia\u00a0<br>Shadi Basurra, Birmingham City University, UK\u00a0<br><p class=\"has-text-color\" style=\"\"><br><strong>General Secretary<\/strong><\/p><br>Nadhmi Gazem, Taibah University, Saudi Arabia<p class=\"has-text-color\" style=\"\"><span style=\"font-size: revert; color: initial;\">Samer Bamansoor, Birmingham City University, UK<\/span><\/p>Raouyane brahim, Hassan II University, Morocco <p class=\"has-text-color\" style=\"\"><font color=\"#025274\"><strong><br><\/strong><\/font><\/p><br><p><strong>Publication Committee<\/strong><font color=\"#003366\"><strong><br><\/strong><\/font>Fathey Mohammed, Sunway University, Malaysia (Chair)<\/p>Fuad A. Ghaleb, Birmingham City University, UK<br>Mohammed Al-Sarem, Taibah University, Saudi Arabia<br>Yousef Fazea, Marshall University, USA<br>Fejtah Laila,<em> <\/em>Hassan II University, Morocco<br><br><p><strong><span style=\"color: #003366;\">Publicity Committee<\/span> <\/strong><br>Essa Shahra, Birmingham City University, UK<br>Maged Nasser, UTP, <meta charset=\"utf-8\"><\/meta>Malaysia<\/p>Mandar Meriem, Hassan II University, Morocco<br><br><p class=\"has-text-color\" style=\"color:#025477\"><strong>IT &amp; Multimedia Committee<\/strong><\/p><p>Sameer Hasan Albakri, Sana&#8217;a University, Yemen (Chair)<br>Amer Hasan, Birmingham City University, UK<\/p>Jay Andaloussi Said, Hassan II University, Morocco<br><br><p class=\"has-text-color\" style=\"color:#025579\"><strong>Registration Committee <\/strong><\/p><p>Abdullah Dahawi, University Teknologi Malaysia (Chair)Tawfik Al-Hadhrami, Nottingham Trent University, UK<br><\/p>Chbihi Reda, Hassan II University, Morocco<p class=\"has-text-color\" style=\"color:#02587d\"><\/p><br>\n\n\n","protected":false},"excerpt":{"rendered":"","protected":false},"author":1,"featured_media":0,"parent":0,"menu_order":12,"comment_status":"closed","ping_status":"closed","template":"","meta":{"pagelayer_contact_templates":[],"_pagelayer_content":"","footnotes":""},"class_list":["post-94","page","type-page","status-publish","hentry"],"_links":{"self":[{"href":"https:\/\/irict.co\/irict2025\/index.php?rest_route=\/wp\/v2\/pages\/94","targetHints":{"allow":["GET"]}}],"collection":[{"href":"https:\/\/irict.co\/irict2025\/index.php?rest_route=\/wp\/v2\/pages"}],"about":[{"href":"https:\/\/irict.co\/irict2025\/index.php?rest_route=\/wp\/v2\/types\/page"}],"author":[{"embeddable":true,"href":"https:\/\/irict.co\/irict2025\/index.php?rest_route=\/wp\/v2\/users\/1"}],"replies":[{"embeddable":true,"href":"https:\/\/irict.co\/irict2025\/index.php?rest_route=%2Fwp%2Fv2%2Fcomments&post=94"}],"version-history":[{"count":137,"href":"https:\/\/irict.co\/irict2025\/index.php?rest_route=\/wp\/v2\/pages\/94\/revisions"}],"predecessor-version":[{"id":2907,"href":"https:\/\/irict.co\/irict2025\/index.php?rest_route=\/wp\/v2\/pages\/94\/revisions\/2907"}],"wp:attachment":[{"href":"https:\/\/irict.co\/irict2025\/index.php?rest_route=%2Fwp%2Fv2%2Fmedia&parent=94"}],"curies":[{"name":"wp","href":"https:\/\/api.w.org\/{rel}","templated":true}]}}